{"id":12,"date":"2025-06-04T00:04:47","date_gmt":"2025-06-04T00:04:47","guid":{"rendered":"https:\/\/www.okvirija.si\/index.php\/o-nas\/"},"modified":"2025-06-18T10:48:28","modified_gmt":"2025-06-18T10:48:28","slug":"o-nas","status":"publish","type":"page","link":"https:\/\/www.okvirija.si\/index.php\/o-nas\/","title":{"rendered":"O nas"},"content":{"rendered":"\t\t<div data-elementor-type=\"wp-page\" data-elementor-id=\"12\" class=\"elementor elementor-12\" data-elementor-post-type=\"page\">\n\t\t\t\t<div class=\"elementor-element elementor-element-5ab7647d e-flex e-con-boxed e-con e-parent\" data-id=\"5ab7647d\" data-element_type=\"container\" data-settings=\"{&quot;background_background&quot;:&quot;classic&quot;}\">\n\t\t\t\t\t<div class=\"e-con-inner\">\n\t\t<div class=\"elementor-element elementor-element-319cd871 e-con-full e-flex e-con e-child\" data-id=\"319cd871\" data-element_type=\"container\">\n\t\t\t\t<div class=\"elementor-element elementor-element-668366de elementor-widget elementor-widget-heading\" data-id=\"668366de\" data-element_type=\"widget\" data-widget_type=\"heading.default\">\n\t\t\t\t<div class=\"elementor-widget-container\">\n\t\t\t\t\t<h1 class=\"elementor-heading-title elementor-size-default\">O nas<\/h1>\t\t\t\t<\/div>\n\t\t\t\t<\/div>\n\t\t\t\t<\/div>\n\t\t\t\t\t<\/div>\n\t\t\t\t<\/div>\n\t\t<div class=\"elementor-element elementor-element-6e6bb6e9 e-flex e-con-boxed e-con e-parent\" data-id=\"6e6bb6e9\" data-element_type=\"container\">\n\t\t\t\t\t<div class=\"e-con-inner\">\n\t\t<div class=\"elementor-element elementor-element-6fe6dc1c e-con-full e-flex e-con e-child\" data-id=\"6fe6dc1c\" data-element_type=\"container\" data-settings=\"{&quot;background_background&quot;:&quot;classic&quot;}\">\n\t\t\t\t<div class=\"elementor-element elementor-element-1ffa207b elementor-widget elementor-widget-image\" data-id=\"1ffa207b\" data-element_type=\"widget\" data-widget_type=\"image.default\">\n\t\t\t\t<div class=\"elementor-widget-container\">\n\t\t\t\t\t\t\t\t\t\t\t\t\t\t\t<img fetchpriority=\"high\" decoding=\"async\" width=\"800\" height=\"613\" src=\"https:\/\/www.okvirija.si\/wp-content\/uploads\/2025\/06\/683422-1024x784.webp\" class=\"attachment-large size-large wp-image-14\" alt=\"\" srcset=\"https:\/\/www.okvirija.si\/wp-content\/uploads\/2025\/06\/683422-1024x784.webp 1024w, https:\/\/www.okvirija.si\/wp-content\/uploads\/2025\/06\/683422-300x230.webp 300w, https:\/\/www.okvirija.si\/wp-content\/uploads\/2025\/06\/683422-768x588.webp 768w, https:\/\/www.okvirija.si\/wp-content\/uploads\/2025\/06\/683422.webp 1080w\" sizes=\"(max-width: 800px) 100vw, 800px\" \/>\t\t\t\t\t\t\t\t\t\t\t\t\t\t\t<\/div>\n\t\t\t\t<\/div>\n\t\t\t\t<\/div>\n\t\t<div class=\"elementor-element elementor-element-15bb1e5d e-con-full e-flex e-con e-child\" data-id=\"15bb1e5d\" data-element_type=\"container\">\n\t\t\t\t<div class=\"elementor-element elementor-element-16d0ab34 elementor-widget elementor-widget-heading\" data-id=\"16d0ab34\" data-element_type=\"widget\" data-widget_type=\"heading.default\">\n\t\t\t\t<div class=\"elementor-widget-container\">\n\t\t\t\t\t<h6 class=\"elementor-heading-title elementor-size-default\">Zakaj izbrati nas<\/h6>\t\t\t\t<\/div>\n\t\t\t\t<\/div>\n\t\t\t\t<div class=\"elementor-element elementor-element-1f18f732 elementor-widget elementor-widget-heading\" data-id=\"1f18f732\" data-element_type=\"widget\" data-widget_type=\"heading.default\">\n\t\t\t\t<div class=\"elementor-widget-container\">\n\t\t\t\t\t<h2 class=\"elementor-heading-title elementor-size-default\">OKVIRIJA<\/h2>\t\t\t\t<\/div>\n\t\t\t\t<\/div>\n\t\t\t\t<div class=\"elementor-element elementor-element-742304ac elementor-widget elementor-widget-text-editor\" data-id=\"742304ac\" data-element_type=\"widget\" data-widget_type=\"text-editor.default\">\n\t\t\t\t<div class=\"elementor-widget-container\">\n\t\t\t\t\t\t\t\t\t<p>Atelje za opremo slik in ostalih vizualnih podob z ve\u010d kot 30-letno tradicijo, ki ga s pomo\u010djo zanesljive manj\u0161e ekipe vodi Mitja Kolari\u010d, imetnik GCF certifikata. Sodelujemo z zasebnimi in komercialnimi strankami, umetniki, galerijami in muzeji, ter imamo do vseh osebni pristop svetovanja. Potrudili se bomo, da vam bomo priporo\u010dili najprimernej\u0161o opremo za umetni\u0161kadela in pri tem upo\u0161tevali va\u0161e \u017eelje.<\/p>\t\t\t\t\t\t\t\t<\/div>\n\t\t\t\t<\/div>\n\t\t\t\t<\/div>\n\t\t\t\t\t<\/div>\n\t\t\t\t<\/div>\n\t\t<div class=\"elementor-element elementor-element-2cd5ff9e e-flex e-con-boxed e-con e-parent\" data-id=\"2cd5ff9e\" data-element_type=\"container\">\n\t\t\t\t\t<div class=\"e-con-inner\">\n\t\t<div class=\"elementor-element elementor-element-4f3fef37 e-con-full e-flex e-con e-child\" data-id=\"4f3fef37\" data-element_type=\"container\">\n\t\t\t\t<div class=\"elementor-element elementor-element-2ad92141 elementor-widget elementor-widget-heading\" data-id=\"2ad92141\" data-element_type=\"widget\" data-widget_type=\"heading.default\">\n\t\t\t\t<div class=\"elementor-widget-container\">\n\t\t\t\t\t<h6 class=\"elementor-heading-title elementor-size-default\">Guild Commended Framer<\/h6>\t\t\t\t<\/div>\n\t\t\t\t<\/div>\n\t\t\t\t<div class=\"elementor-element elementor-element-62071708 elementor-widget elementor-widget-heading\" data-id=\"62071708\" data-element_type=\"widget\" data-widget_type=\"heading.default\">\n\t\t\t\t<div class=\"elementor-widget-container\">\n\t\t\t\t\t<h2 class=\"elementor-heading-title elementor-size-default\">Kaj je GCF?\n<\/h2>\t\t\t\t<\/div>\n\t\t\t\t<\/div>\n\t\t\t\t<div class=\"elementor-element elementor-element-479b1aef elementor-widget elementor-widget-text-editor\" data-id=\"479b1aef\" data-element_type=\"widget\" data-widget_type=\"text-editor.default\">\n\t\t\t\t<div class=\"elementor-widget-container\">\n\t\t\t\t\t\t\t\t\t<p>Guild Commended Framer (GCF) je cehovsko priporo\u010den okvirjalec s certifikatom, ki ga podeli Fine Art Trade Guild (FATG), mednarodna organizacija, ki predstavlja likovno<br \/>umetnost in okvirjanje s sede\u017eem v Veliki Britaniji. Napredne okvirjalske ve\u0161\u010dine in znanja, ki so natan\u010dno podane in opredeljene od neodvisne cehovske stroke, daje okvirjalskemu mojstru prilo\u017enost, da se izka\u017ee v zahtevnej\u0161ih tehnikah, kot je okvirjanje tekstilij ali oblikovanje paspartujev ali pritrjevanje papirnih objektov.<\/p>\t\t\t\t\t\t\t\t<\/div>\n\t\t\t\t<\/div>\n\t\t\t\t<\/div>\n\t\t<div class=\"elementor-element elementor-element-523533f0 e-con-full e-flex e-con e-child\" data-id=\"523533f0\" data-element_type=\"container\" data-settings=\"{&quot;background_background&quot;:&quot;classic&quot;}\">\n\t\t\t\t<div class=\"elementor-element elementor-element-75e31354 elementor-widget elementor-widget-image\" data-id=\"75e31354\" data-element_type=\"widget\" data-widget_type=\"image.default\">\n\t\t\t\t<div class=\"elementor-widget-container\">\n\t\t\t\t\t\t\t\t\t\t\t\t\t\t\t<img decoding=\"async\" width=\"300\" height=\"304\" src=\"https:\/\/www.okvirija.si\/wp-content\/uploads\/2025\/06\/logoonas.png\" class=\"attachment-large size-large wp-image-15\" alt=\"\" srcset=\"https:\/\/www.okvirija.si\/wp-content\/uploads\/2025\/06\/logoonas.png 300w, https:\/\/www.okvirija.si\/wp-content\/uploads\/2025\/06\/logoonas-296x300.png 296w\" sizes=\"(max-width: 300px) 100vw, 300px\" \/>\t\t\t\t\t\t\t\t\t\t\t\t\t\t\t<\/div>\n\t\t\t\t<\/div>\n\t\t\t\t<\/div>\n\t\t\t\t\t<\/div>\n\t\t\t\t<\/div>\n\t\t<div class=\"elementor-element elementor-element-69b9cfd1 e-flex e-con-boxed e-con e-parent\" data-id=\"69b9cfd1\" data-element_type=\"container\" data-settings=\"{&quot;background_background&quot;:&quot;classic&quot;}\">\n\t\t\t\t\t<div class=\"e-con-inner\">\n\t\t<div class=\"elementor-element elementor-element-2ff62347 e-con-full e-flex e-con e-child\" data-id=\"2ff62347\" data-element_type=\"container\">\n\t\t\t\t<div class=\"elementor-element elementor-element-686e7554 elementor-widget elementor-widget-heading\" data-id=\"686e7554\" data-element_type=\"widget\" data-widget_type=\"heading.default\">\n\t\t\t\t<div class=\"elementor-widget-container\">\n\t\t\t\t\t<h6 class=\"elementor-heading-title elementor-size-default\">Va\u0161e mo\u017enosti<\/h6>\t\t\t\t<\/div>\n\t\t\t\t<\/div>\n\t\t\t\t<div class=\"elementor-element elementor-element-775172ff elementor-widget elementor-widget-heading\" data-id=\"775172ff\" data-element_type=\"widget\" data-widget_type=\"heading.default\">\n\t\t\t\t<div class=\"elementor-widget-container\">\n\t\t\t\t\t<h2 class=\"elementor-heading-title elementor-size-default\">Izvedba opreme slik je mo\u017ena v 4 <i>kakovostnih<\/i> razredih:\n<\/h2>\t\t\t\t<\/div>\n\t\t\t\t<\/div>\n\t\t\t\t<\/div>\n\t\t<div class=\"elementor-element elementor-element-7975bad5 e-con-full e-flex e-con e-child\" data-id=\"7975bad5\" data-element_type=\"container\" data-settings=\"{&quot;background_background&quot;:&quot;classic&quot;}\">\n\t\t<div class=\"elementor-element elementor-element-56d094a e-con-full e-flex e-con e-child\" data-id=\"56d094a\" data-element_type=\"container\" data-settings=\"{&quot;background_background&quot;:&quot;classic&quot;}\">\n\t\t\t\t<div class=\"elementor-element elementor-element-431f3c0d elementor-view-stacked elementor-shape-square elementor-position-top elementor-mobile-position-top elementor-widget elementor-widget-icon-box\" data-id=\"431f3c0d\" data-element_type=\"widget\" data-widget_type=\"icon-box.default\">\n\t\t\t\t<div class=\"elementor-widget-container\">\n\t\t\t\t\t\t\t<div class=\"elementor-icon-box-wrapper\">\n\n\t\t\t\t\t\t<div class=\"elementor-icon-box-icon\">\n\t\t\t\t<span  class=\"elementor-icon\">\n\t\t\t\t<i aria-hidden=\"true\" class=\"icon icon-review\"><\/i>\t\t\t\t<\/span>\n\t\t\t<\/div>\n\t\t\t\n\t\t\t\t\t\t<div class=\"elementor-icon-box-content\">\n\n\t\t\t\t\t\t\t\t\t<div class=\"elementor-icon-box-title\">\n\t\t\t\t\t\t<span  >\n\t\t\t\t\t\t\tMuzejska\t\t\t\t\t\t<\/span>\n\t\t\t\t\t<\/div>\n\t\t\t\t\n\t\t\t\t\t\t\t\t\t<p class=\"elementor-icon-box-description\">\n\t\t\t\t\t\tNajvi\u0161ja raven za\u0161\u010dite za umetni\u0161ka dela z neprecenljivo vrednostjo, primerna za\nmuzeje in galerije. Delo z visokokakovostnimi materiali s katerimi, ki nudijo vsaj 35-letno za\u0161\u010dito in vsi procesi so povratni, kar pomeni, da je lahko uokvirjeno delo povrnjeno v prvotno stanje.\t\t\t\t\t<\/p>\n\t\t\t\t\n\t\t\t<\/div>\n\t\t\t\n\t\t<\/div>\n\t\t\t\t\t\t<\/div>\n\t\t\t\t<\/div>\n\t\t\t\t<\/div>\n\t\t<div class=\"elementor-element elementor-element-239859d4 e-con-full e-flex e-con e-child\" data-id=\"239859d4\" data-element_type=\"container\">\n\t\t\t\t<div class=\"elementor-element elementor-element-548d86e3 elementor-view-stacked elementor-shape-square elementor-position-top elementor-mobile-position-top elementor-widget elementor-widget-icon-box\" data-id=\"548d86e3\" data-element_type=\"widget\" data-widget_type=\"icon-box.default\">\n\t\t\t\t<div class=\"elementor-widget-container\">\n\t\t\t\t\t\t\t<div class=\"elementor-icon-box-wrapper\">\n\n\t\t\t\t\t\t<div class=\"elementor-icon-box-icon\">\n\t\t\t\t<span  class=\"elementor-icon\">\n\t\t\t\t<i aria-hidden=\"true\" class=\"icon icon-hand_shake\"><\/i>\t\t\t\t<\/span>\n\t\t\t<\/div>\n\t\t\t\n\t\t\t\t\t\t<div class=\"elementor-icon-box-content\">\n\n\t\t\t\t\t\t\t\t\t<div class=\"elementor-icon-box-title\">\n\t\t\t\t\t\t<span  >\n\t\t\t\t\t\t\tKonservatorska\t\t\t\t\t\t<\/span>\n\t\t\t\t\t<\/div>\n\t\t\t\t\n\t\t\t\t\t\t\t\t\t<p class=\"elementor-icon-box-description\">\n\t\t\t\t\t\tZ uporabo materialov za ohranjanje kakovosti in najbolj\u0161ih tehnik va\u0161e delo\nza\u0161\u010ditimo pred fizi\u010dnimi in mehanskimi po\u0161kodbami, onesna\u017eenjem v zraku in kislinami, ki jih pogosto ustvarjajo nekateri materiali za okvirjanje. Prav tako so procesi povratni.\t\t\t\t\t<\/p>\n\t\t\t\t\n\t\t\t<\/div>\n\t\t\t\n\t\t<\/div>\n\t\t\t\t\t\t<\/div>\n\t\t\t\t<\/div>\n\t\t\t\t<\/div>\n\t\t<div class=\"elementor-element elementor-element-60ff2b36 e-con-full e-flex e-con e-child\" data-id=\"60ff2b36\" data-element_type=\"container\">\n\t\t\t\t<div class=\"elementor-element elementor-element-3994dfe4 elementor-view-stacked elementor-shape-square elementor-position-top elementor-mobile-position-top elementor-widget elementor-widget-icon-box\" data-id=\"3994dfe4\" data-element_type=\"widget\" data-widget_type=\"icon-box.default\">\n\t\t\t\t<div class=\"elementor-widget-container\">\n\t\t\t\t\t\t\t<div class=\"elementor-icon-box-wrapper\">\n\n\t\t\t\t\t\t<div class=\"elementor-icon-box-icon\">\n\t\t\t\t<span  class=\"elementor-icon\">\n\t\t\t\t<i aria-hidden=\"true\" class=\"icon icon-badge\"><\/i>\t\t\t\t<\/span>\n\t\t\t<\/div>\n\t\t\t\n\t\t\t\t\t\t<div class=\"elementor-icon-box-content\">\n\n\t\t\t\t\t\t\t\t\t<div class=\"elementor-icon-box-title\">\n\t\t\t\t\t\t<span  >\n\t\t\t\t\t\t\tStandardna\t\t\t\t\t\t<\/span>\n\t\t\t\t\t<\/div>\n\t\t\t\t\n\t\t\t\t\t\t\t\t\t<p class=\"elementor-icon-box-description\">\n\t\t\t\t\t\tVizualno izbolj\u0161a umetni\u0161ko delo in da zmerno raven za\u0161\u010dite pred fizi\u010dnimi in\nmehanskimi po\u0161kodbami, onesna\u017eenostjo v zraku in po\u0161kodbami kisline. Procesi niso nujno\npovratni.\t\t\t\t\t<\/p>\n\t\t\t\t\n\t\t\t<\/div>\n\t\t\t\n\t\t<\/div>\n\t\t\t\t\t\t<\/div>\n\t\t\t\t<\/div>\n\t\t\t\t<\/div>\n\t\t<div class=\"elementor-element elementor-element-6db83e5c e-con-full e-flex e-con e-child\" data-id=\"6db83e5c\" data-element_type=\"container\" data-settings=\"{&quot;background_background&quot;:&quot;classic&quot;}\">\n\t\t\t\t<div class=\"elementor-element elementor-element-4619b165 elementor-view-stacked elementor-shape-square elementor-position-top elementor-mobile-position-top elementor-widget elementor-widget-icon-box\" data-id=\"4619b165\" data-element_type=\"widget\" data-widget_type=\"icon-box.default\">\n\t\t\t\t<div class=\"elementor-widget-container\">\n\t\t\t\t\t\t\t<div class=\"elementor-icon-box-wrapper\">\n\n\t\t\t\t\t\t<div class=\"elementor-icon-box-icon\">\n\t\t\t\t<span  class=\"elementor-icon\">\n\t\t\t\t<i aria-hidden=\"true\" class=\"icon icon-money-bag2\"><\/i>\t\t\t\t<\/span>\n\t\t\t<\/div>\n\t\t\t\n\t\t\t\t\t\t<div class=\"elementor-icon-box-content\">\n\n\t\t\t\t\t\t\t\t\t<div class=\"elementor-icon-box-title\">\n\t\t\t\t\t\t<span  >\n\t\t\t\t\t\t\tMinimalna\t\t\t\t\t\t<\/span>\n\t\t\t\t\t<\/div>\n\t\t\t\t\n\t\t\t\t\t\t\t\t\t<p class=\"elementor-icon-box-description\">\n\t\t\t\t\t\tOsnovno okvirjanje po najni\u017ejih stro\u0161kih, ki ne zagotavlja nobene za\u0161\u010dite za\numetnino in pri katerem se uporabljajo najosnovnej\u0161e metode in materiali.\t\t\t\t\t<\/p>\n\t\t\t\t\n\t\t\t<\/div>\n\t\t\t\n\t\t<\/div>\n\t\t\t\t\t\t<\/div>\n\t\t\t\t<\/div>\n\t\t\t\t<\/div>\n\t\t\t\t<\/div>\n\t\t\t\t\t<\/div>\n\t\t\t\t<\/div>\n\t\t\t\t<\/div>\n\t\t","protected":false},"excerpt":{"rendered":"<p>O nas Zakaj izbrati nas OKVIRIJA Atelje za opremo slik in ostalih vizualnih podob z ve\u010d kot 30-letno tradicijo, ki ga s pomo\u010djo zanesljive manj\u0161e ekipe vodi Mitja Kolari\u010d, imetnik GCF certifikata. Sodelujemo z zasebnimi in komercialnimi strankami, umetniki, galerijami in muzeji, ter imamo do vseh osebni pristop svetovanja. Potrudili se bomo, da vam bomo [&hellip;]<\/p>\n","protected":false},"author":1,"featured_media":0,"parent":0,"menu_order":0,"comment_status":"closed","ping_status":"closed","template":"elementor_header_footer","meta":{"footnotes":""},"class_list":["post-12","page","type-page","status-publish","hentry"],"_links":{"self":[{"href":"https:\/\/www.okvirija.si\/index.php\/wp-json\/wp\/v2\/pages\/12","targetHints":{"allow":["GET"]}}],"collection":[{"href":"https:\/\/www.okvirija.si\/index.php\/wp-json\/wp\/v2\/pages"}],"about":[{"href":"https:\/\/www.okvirija.si\/index.php\/wp-json\/wp\/v2\/types\/page"}],"author":[{"embeddable":true,"href":"https:\/\/www.okvirija.si\/index.php\/wp-json\/wp\/v2\/users\/1"}],"replies":[{"embeddable":true,"href":"https:\/\/www.okvirija.si\/index.php\/wp-json\/wp\/v2\/comments?post=12"}],"version-history":[{"count":31,"href":"https:\/\/www.okvirija.si\/index.php\/wp-json\/wp\/v2\/pages\/12\/revisions"}],"predecessor-version":[{"id":227,"href":"https:\/\/www.okvirija.si\/index.php\/wp-json\/wp\/v2\/pages\/12\/revisions\/227"}],"wp:attachment":[{"href":"https:\/\/www.okvirija.si\/index.php\/wp-json\/wp\/v2\/media?parent=12"}],"curies":[{"name":"wp","href":"https:\/\/api.w.org\/{rel}","templated":true}]}}